{"id":116,"date":"2025-02-17T15:51:48","date_gmt":"2025-02-17T14:51:48","guid":{"rendered":"https:\/\/nicolas-portfolio.fr\/?page_id=116"},"modified":"2025-03-31T22:01:10","modified_gmt":"2025-03-31T20:01:10","slug":"about","status":"publish","type":"page","link":"https:\/\/nicolas-portfolio.fr\/index.php\/about\/","title":{"rendered":"Mon_Parcours"},"content":{"rendered":"\n<div class=\"wp-block-cover alignfull\" style=\"padding-top:2%;min-height:805px;aspect-ratio:unset;aspect-ratio:unset;\"><img fetchpriority=\"high\" decoding=\"async\" width=\"2560\" height=\"1439\" class=\"wp-block-cover__image-background wp-image-20\" alt=\"\" src=\"http:\/\/nicolas-portfolio.fr\/wp-content\/uploads\/2025\/02\/miriam-espacio-K4EUCv5vNc0-unsplash-scaled.jpg\" data-object-fit=\"cover\" srcset=\"https:\/\/nicolas-portfolio.fr\/wp-content\/uploads\/2025\/02\/miriam-espacio-K4EUCv5vNc0-unsplash-scaled.jpg 2560w, https:\/\/nicolas-portfolio.fr\/wp-content\/uploads\/2025\/02\/miriam-espacio-K4EUCv5vNc0-unsplash-300x169.jpg 300w, https:\/\/nicolas-portfolio.fr\/wp-content\/uploads\/2025\/02\/miriam-espacio-K4EUCv5vNc0-unsplash-1024x575.jpg 1024w, https:\/\/nicolas-portfolio.fr\/wp-content\/uploads\/2025\/02\/miriam-espacio-K4EUCv5vNc0-unsplash-768x432.jpg 768w, https:\/\/nicolas-portfolio.fr\/wp-content\/uploads\/2025\/02\/miriam-espacio-K4EUCv5vNc0-unsplash-1536x863.jpg 1536w, https:\/\/nicolas-portfolio.fr\/wp-content\/uploads\/2025\/02\/miriam-espacio-K4EUCv5vNc0-unsplash-2048x1151.jpg 2048w\" sizes=\"(max-width: 2560px) 100vw, 2560px\" \/><span aria-hidden=\"true\" class=\"wp-block-cover__background has-background-dim-0 has-background-dim\" style=\"background-color:#3c3540\"><\/span><div class=\"wp-block-cover__inner-container has-global-padding is-layout-constrained wp-container-core-cover-is-layout-1 wp-block-cover-is-layout-constrained\">\n<div class=\"wp-block-group alignwide is-vertical is-content-justification-center is-layout-flex wp-container-core-group-is-layout-2 wp-block-group-is-layout-flex\" style=\"min-height:35rem\">\n<div class=\"wp-block-group has-global-padding is-layout-constrained wp-container-core-group-is-layout-1 wp-block-group-is-layout-constrained\">\n<h2 class=\"wp-block-heading has-text-align-center has-text-color\" style=\"color:#ffffff;margin-top:10rem;margin-bottom:1.01rem;font-size:clamp(2.84rem, 2.84rem + ((1vw - 0.2rem) * 4.855), 5.51rem);font-style:normal;font-weight:400;line-height:1.1;text-transform:capitalize\">Mon Parcours<\/h2>\n<\/div>\n<\/div>\n<\/div><\/div>\n\n\n\n<div class=\"wp-block-group alignfull has-global-padding is-layout-constrained wp-container-core-group-is-layout-5 wp-block-group-is-layout-constrained\" style=\"margin-top:0;margin-bottom:0;padding-top:5.51rem;padding-right:1rem;padding-bottom:3rem;padding-left:1rem\">\n<div class=\"wp-block-group alignwide has-global-padding is-layout-constrained wp-block-group-is-layout-constrained\" style=\"padding-bottom:1rem\">\n<h2 class=\"wp-block-heading has-text-align-center has-text-color\" style=\"color:#07277c;font-size:clamp(1.556rem, 1.556rem + ((1vw - 0.2rem) * 1.916), 2.61rem);font-style:normal;font-weight:600;line-height:1.5;text-transform:capitalize\">Etablissements Fr\u00e9quent\u00e9s<\/h2>\n<\/div>\n\n\n\n<div class=\"wp-block-group alignwide has-global-padding is-layout-constrained wp-container-core-group-is-layout-4 wp-block-group-is-layout-constrained\" style=\"margin-top:1.01rem\">\n<div class=\"wp-block-columns alignwide is-layout-flex wp-container-core-columns-is-layout-1 wp-block-columns-is-layout-flex\">\n<div class=\"wp-block-column is-layout-flow wp-block-column-is-layout-flow\">\n<figure class=\"wp-block-image size-full\"><img decoding=\"async\" width=\"1350\" height=\"759\" src=\"https:\/\/nicolas-portfolio.fr\/wp-content\/uploads\/2025\/02\/fe.jpg\" alt=\"\" class=\"wp-image-185\" srcset=\"https:\/\/nicolas-portfolio.fr\/wp-content\/uploads\/2025\/02\/fe.jpg 1350w, https:\/\/nicolas-portfolio.fr\/wp-content\/uploads\/2025\/02\/fe-300x169.jpg 300w, https:\/\/nicolas-portfolio.fr\/wp-content\/uploads\/2025\/02\/fe-1024x576.jpg 1024w, https:\/\/nicolas-portfolio.fr\/wp-content\/uploads\/2025\/02\/fe-768x432.jpg 768w\" sizes=\"(max-width: 1350px) 100vw, 1350px\" \/><\/figure>\n\n\n\n<h2 class=\"wp-block-heading has-text-align-center has-text-color has-link-color has-work-sans-regular-font-family wp-elements-0cb0ea0723b1aec11186cb11fb90ead3\" style=\"color:#07277c;font-size:clamp(1.556rem, 1.556rem + ((1vw - 0.2rem) * 1.916), 2.61rem);font-style:normal;font-weight:700\">Lyc\u00e9e F\u00e9nelon Cambrai<\/h2>\n\n\n\n<p class=\"has-text-color has-link-color has-work-sans-regular-font-family wp-elements-afef767f64186c99daec6b9ef61832bd\" style=\"border-style:none;border-width:0rem;color:#07277c;margin-top:var(--wp--preset--spacing--80);margin-bottom:var(--wp--preset--spacing--80);font-size:clamp(0.984rem, 0.984rem + ((1vw - 0.2rem) * 0.938), 1.5rem);font-style:normal;font-weight:700\">2020-2023: Bac G\u00e9n\u00e9ral Sp\u00e9cialit\u00e9 Math\/NSI<\/p>\n<\/div>\n\n\n\n<div class=\"wp-block-column is-layout-flow wp-block-column-is-layout-flow\">\n<figure class=\"wp-block-image size-full\"><img decoding=\"async\" width=\"1350\" height=\"759\" src=\"https:\/\/nicolas-portfolio.fr\/wp-content\/uploads\/2025\/02\/B9733876849Z.1_20230331114149_000GI0MGDABD.3-0.jpg\" alt=\"\" class=\"wp-image-187\" srcset=\"https:\/\/nicolas-portfolio.fr\/wp-content\/uploads\/2025\/02\/B9733876849Z.1_20230331114149_000GI0MGDABD.3-0.jpg 1350w, https:\/\/nicolas-portfolio.fr\/wp-content\/uploads\/2025\/02\/B9733876849Z.1_20230331114149_000GI0MGDABD.3-0-300x169.jpg 300w, https:\/\/nicolas-portfolio.fr\/wp-content\/uploads\/2025\/02\/B9733876849Z.1_20230331114149_000GI0MGDABD.3-0-1024x576.jpg 1024w, https:\/\/nicolas-portfolio.fr\/wp-content\/uploads\/2025\/02\/B9733876849Z.1_20230331114149_000GI0MGDABD.3-0-768x432.jpg 768w\" sizes=\"(max-width: 1350px) 100vw, 1350px\" \/><\/figure>\n\n\n\n<h2 class=\"wp-block-heading has-text-align-center has-text-color has-link-color has-work-sans-regular-font-family wp-elements-7c1cae4cd4a39c47935f71566e33d5b5\" style=\"color:#07277c;font-size:clamp(1.556rem, 1.556rem + ((1vw - 0.2rem) * 1.916), 2.61rem);font-style:normal;font-weight:700\">Lyc\u00e9e d&#8217;Enseignement sup\u00e9rieur Saint Luc<\/h2>\n\n\n\n<p class=\"has-text-color has-link-color has-work-sans-regular-font-family wp-elements-ed79c7bc28884c5b348367a8bfe048df\" style=\"color:#07277c;margin-top:var(--wp--preset--spacing--50);margin-bottom:var(--wp--preset--spacing--50);font-size:clamp(0.984rem, 0.984rem + ((1vw - 0.2rem) * 0.938), 1.5rem);font-style:normal;font-weight:700\">2023-2025: BTS SIO option SISR(solution d&#8217;infrastructure syst\u00e8me et r\u00e9seau)<\/p>\n<\/div>\n<\/div>\n<\/div>\n<\/div>\n\n\n\n<section class=\"wp-block-cover alignfull\" style=\"margin-top:0px;padding-bottom:12.51rem;min-height:436px;aspect-ratio:unset;aspect-ratio:unset;\"><img loading=\"lazy\" decoding=\"async\" width=\"1280\" height=\"854\" class=\"wp-block-cover__image-background wp-image-188\" alt=\"\" src=\"http:\/\/nicolas-portfolio.fr\/wp-content\/uploads\/2025\/02\/switch-6955359_1280.jpg\" data-object-fit=\"cover\" srcset=\"https:\/\/nicolas-portfolio.fr\/wp-content\/uploads\/2025\/02\/switch-6955359_1280.jpg 1280w, https:\/\/nicolas-portfolio.fr\/wp-content\/uploads\/2025\/02\/switch-6955359_1280-300x200.jpg 300w, https:\/\/nicolas-portfolio.fr\/wp-content\/uploads\/2025\/02\/switch-6955359_1280-1024x683.jpg 1024w, https:\/\/nicolas-portfolio.fr\/wp-content\/uploads\/2025\/02\/switch-6955359_1280-768x512.jpg 768w\" sizes=\"(max-width: 1280px) 100vw, 1280px\" \/><span aria-hidden=\"true\" class=\"wp-block-cover__background has-background-dim-0 has-background-dim\" style=\"background-color:#3b3a48\"><\/span><div class=\"wp-block-cover__inner-container has-global-padding is-layout-constrained wp-container-core-cover-is-layout-2 wp-block-cover-is-layout-constrained\">\n<div class=\"wp-block-group alignfull has-text-color has-global-padding is-layout-constrained wp-container-core-group-is-layout-8 wp-block-group-is-layout-constrained\" style=\"color:#252525;margin-top:0px;padding-top:0rem;padding-right:1rem;padding-bottom:0rem;padding-left:1rem;font-size:clamp(0.875rem, 0.875rem + ((1vw - 0.2rem) * 0.464), 1.13rem);font-style:normal;font-weight:400;line-height:1.4\">\n<div class=\"wp-block-group is-vertical is-content-justification-center is-layout-flex wp-container-core-group-is-layout-7 wp-block-group-is-layout-flex\">\n<div class=\"wp-block-group has-global-padding is-layout-constrained wp-container-core-group-is-layout-6 wp-block-group-is-layout-constrained\">\n<h2 class=\"wp-block-heading has-text-align-center has-text-color\" style=\"color:#fdfdfd;margin-top:var(--wp--preset--spacing--80);margin-bottom:1.11rem;font-size:clamp(1.556rem, 1.556rem + ((1vw - 0.2rem) * 1.916), 2.61rem);font-style:normal;font-weight:500;line-height:1.2;text-transform:capitalize\">Mes stages<\/h2>\n<\/div>\n<\/div>\n<\/div>\n<\/div><\/section>\n\n\n\n<section class=\"wp-block-group alignfull has-text-color has-background has-global-padding is-layout-constrained wp-container-core-group-is-layout-11 wp-block-group-is-layout-constrained\" style=\"color:#03081e;background-color:#eff9ff;margin-top:0px;padding-top:5.01rem;padding-right:1rem;padding-bottom:5.5rem;padding-left:1rem;font-size:clamp(0.875rem, 0.875rem + ((1vw - 0.2rem) * 0.464), 1.13rem);font-style:normal;font-weight:400;line-height:1.4\">\n<div class=\"wp-block-columns is-layout-flex wp-container-core-columns-is-layout-2 wp-block-columns-is-layout-flex\" style=\"margin-bottom:0px\">\n<div class=\"wp-block-column has-global-padding is-content-justification-left is-layout-constrained wp-container-core-column-is-layout-3 wp-block-column-is-layout-constrained\" style=\"flex-basis:45%\">\n<figure class=\"wp-block-image aligncenter size-full is-resized\"><img loading=\"lazy\" decoding=\"async\" width=\"225\" height=\"224\" src=\"http:\/\/nicolas-portfolio.fr\/wp-content\/uploads\/2025\/02\/images.jpg\" alt=\"\" class=\"wp-image-189\" style=\"width:257px;height:auto\" srcset=\"https:\/\/nicolas-portfolio.fr\/wp-content\/uploads\/2025\/02\/images.jpg 225w, https:\/\/nicolas-portfolio.fr\/wp-content\/uploads\/2025\/02\/images-150x150.jpg 150w\" sizes=\"(max-width: 225px) 100vw, 225px\" \/><\/figure>\n<\/div>\n\n\n\n<div class=\"wp-block-column is-layout-flow wp-block-column-is-layout-flow\">\n<div class=\"wp-block-group is-vertical is-content-justification-left is-layout-flex wp-container-core-group-is-layout-10 wp-block-group-is-layout-flex\" style=\"min-height:100%\">\n<div class=\"wp-block-group has-global-padding is-content-justification-center is-layout-constrained wp-container-core-group-is-layout-9 wp-block-group-is-layout-constrained\">\n<h3 class=\"wp-block-heading has-text-align-left has-text-color\" style=\"color:#07277c;margin-top:0.5rem;margin-bottom:1.01rem;font-size:clamp(1.198rem, 1.198rem + ((1vw - 0.2rem) * 1.276), 1.9rem);font-style:normal;font-weight:500;letter-spacing:0px;line-height:1.3;text-transform:capitalize\">Stage de 2\u00e8me ann\u00e9e: LADAPT Haut de france<\/h3>\n\n\n\n<p class=\"has-text-align-left has-text-color\" style=\"color:#03081e;margin-top:0rem;font-size:clamp(0.875rem, 0.875rem + ((1vw - 0.2rem) * 0.609), 1.21rem);font-style:normal;font-weight:400;line-height:1.6\">J&#8217;ai eu l&#8217;occasion d&#8217;effectuer un stage du 6 Janvier au 7 F\u00e9vrier \u00e0 LADAPT sur le site de Cambrai sachant que le p\u00f4le informatique de Cambrai se charge de l&#8217;informatique des \u00e9tablissement LADAPT des HAUT DE FRANCE (9 Etablissements) dans lequel j&#8217;ai eu l&#8217;occasion de r\u00e9aliser divers activit\u00e9s encore plus passionnantes(plus de d\u00e9tails dans ma fiche de comp\u00e9tences.)<\/p>\n<\/div>\n<\/div>\n<\/div>\n<\/div>\n<\/section>\n\n\n\n<section class=\"wp-block-group alignfull has-text-color has-background has-global-padding is-layout-constrained wp-container-core-group-is-layout-14 wp-block-group-is-layout-constrained\" style=\"color:#03081e;background-color:#eff9ff;margin-top:0px;padding-top:5.01rem;padding-right:1rem;padding-bottom:5.5rem;padding-left:1rem;font-size:clamp(0.875rem, 0.875rem + ((1vw - 0.2rem) * 0.464), 1.13rem);font-style:normal;font-weight:400;line-height:1.4\">\n<div class=\"wp-block-columns is-layout-flex wp-container-core-columns-is-layout-3 wp-block-columns-is-layout-flex\" style=\"margin-bottom:0px\">\n<div class=\"wp-block-column is-layout-flow wp-block-column-is-layout-flow\">\n<div class=\"wp-block-group is-vertical is-content-justification-left is-layout-flex wp-container-core-group-is-layout-13 wp-block-group-is-layout-flex\" style=\"min-height:100%\">\n<div class=\"wp-block-group has-global-padding is-content-justification-center is-layout-constrained wp-container-core-group-is-layout-12 wp-block-group-is-layout-constrained\">\n<h3 class=\"wp-block-heading has-text-align-left has-text-color\" style=\"color:#07277c;margin-top:0.5rem;margin-bottom:1.01rem;font-size:clamp(1.198rem, 1.198rem + ((1vw - 0.2rem) * 1.276), 1.9rem);font-style:normal;font-weight:500;letter-spacing:0px;line-height:1.3;text-transform:capitalize\">Stage de 1\u00e8re ann\u00e9e: Ygnis Industrie-Groupe Atlantic<\/h3>\n\n\n\n<p class=\"has-text-align-left has-text-color\" style=\"color:#03081e;margin-top:0rem;font-size:clamp(0.875rem, 0.875rem + ((1vw - 0.2rem) * 0.609), 1.21rem);font-style:normal;font-weight:400;line-height:1.6\">Un premier stage de 5 semaines du 13 Mai au 14 Juin au sein d&#8217;Ygnis Industrie de Cauroir avec l&#8217;opportunit\u00e9 d&#8217;effectuer des missions sur 2 sites distant en plus du site physique sur lesquels j&#8217;ai eu l&#8217;occasion d&#8217;effectuer des missions passionnantes. (plus de d\u00e9tails dans ma fiche de comp\u00e9tences.)<\/p>\n<\/div>\n<\/div>\n<\/div>\n\n\n\n<div class=\"wp-block-column has-global-padding is-content-justification-left is-layout-constrained wp-container-core-column-is-layout-6 wp-block-column-is-layout-constrained\" style=\"flex-basis:45%\">\n<figure class=\"wp-block-image aligncenter size-full\"><img loading=\"lazy\" decoding=\"async\" width=\"864\" height=\"486\" src=\"https:\/\/nicolas-portfolio.fr\/wp-content\/uploads\/2025\/02\/B9725550987Z.1_20201216185414_000G5TH8PQ01.1-0.jpg\" alt=\"\" class=\"wp-image-190\" srcset=\"https:\/\/nicolas-portfolio.fr\/wp-content\/uploads\/2025\/02\/B9725550987Z.1_20201216185414_000G5TH8PQ01.1-0.jpg 864w, https:\/\/nicolas-portfolio.fr\/wp-content\/uploads\/2025\/02\/B9725550987Z.1_20201216185414_000G5TH8PQ01.1-0-300x169.jpg 300w, https:\/\/nicolas-portfolio.fr\/wp-content\/uploads\/2025\/02\/B9725550987Z.1_20201216185414_000G5TH8PQ01.1-0-768x432.jpg 768w\" sizes=\"(max-width: 864px) 100vw, 864px\" \/><\/figure>\n<\/div>\n<\/div>\n<\/section>\n\n\n\n<div class=\"wp-block-buttons is-content-justification-center is-layout-flex wp-container-core-buttons-is-layout-1 wp-block-buttons-is-layout-flex\" style=\"margin-top:var(--wp--preset--spacing--40);margin-bottom:var(--wp--preset--spacing--40)\">\n<div class=\"wp-block-button is-style-fill\"><a class=\"wp-block-button__link has-text-align-center wp-element-button\" href=\"http:\/\/nicolas-portfolio.fr\/wp-content\/uploads\/2025\/03\/Tableau-E5-de-DEBUT-Nicolas2.pdf\" style=\"padding-top:var(--wp--preset--spacing--30);padding-right:var(--wp--preset--spacing--30);padding-bottom:var(--wp--preset--spacing--30);padding-left:var(--wp--preset--spacing--30)\" target=\"_blank\" rel=\"noreferrer noopener\">Ma Fiche De Comp\u00e9tences<\/a><\/div>\n<\/div>\n","protected":false},"excerpt":{"rendered":"<p>Etablissements Fr\u00e9quent\u00e9s Lyc\u00e9e F\u00e9nelon Cambrai 2020-2023: Bac G\u00e9n\u00e9ral Sp\u00e9cialit\u00e9 Math\/NSI Lyc\u00e9e d&#8217;Enseignement sup\u00e9rieur Saint Luc 2023-2025: BTS SIO option SISR(solution d&#8217;infrastructure syst\u00e8me et r\u00e9seau) Stage de 2\u00e8me ann\u00e9e: LADAPT Haut de france J&#8217;ai eu l&#8217;occasion d&#8217;effectuer un stage du 6 Janvier au 7 F\u00e9vrier \u00e0 LADAPT sur le site de Cambrai sachant que le p\u00f4le [&hellip;]<\/p>\n","protected":false},"author":1,"featured_media":0,"parent":0,"menu_order":0,"comment_status":"closed","ping_status":"closed","template":"","meta":{"footnotes":""},"class_list":["post-116","page","type-page","status-publish","hentry"],"yoast_head":"<!-- This site is optimized with the Yoast SEO plugin v24.5 - https:\/\/yoast.com\/wordpress\/plugins\/seo\/ -->\n<title>Mon_Parcours - nicolas-portfolio.fr<\/title>\n<meta name=\"robots\" content=\"index, follow, max-snippet:-1, max-image-preview:large, max-video-preview:-1\" \/>\n<link rel=\"canonical\" href=\"https:\/\/nicolas-portfolio.fr\/index.php\/about\/\" \/>\n<meta property=\"og:locale\" content=\"en_US\" \/>\n<meta property=\"og:type\" content=\"article\" \/>\n<meta property=\"og:title\" content=\"Mon_Parcours - nicolas-portfolio.fr\" \/>\n<meta property=\"og:description\" content=\"Etablissements Fr\u00e9quent\u00e9s Lyc\u00e9e F\u00e9nelon Cambrai 2020-2023: Bac G\u00e9n\u00e9ral Sp\u00e9cialit\u00e9 Math\/NSI Lyc\u00e9e d&#8217;Enseignement sup\u00e9rieur Saint Luc 2023-2025: BTS SIO option SISR(solution d&#8217;infrastructure syst\u00e8me et r\u00e9seau) Stage de 2\u00e8me ann\u00e9e: LADAPT Haut de france J&#8217;ai eu l&#8217;occasion d&#8217;effectuer un stage du 6 Janvier au 7 F\u00e9vrier \u00e0 LADAPT sur le site de Cambrai sachant que le p\u00f4le [&hellip;]\" \/>\n<meta property=\"og:url\" content=\"https:\/\/nicolas-portfolio.fr\/index.php\/about\/\" \/>\n<meta property=\"og:site_name\" content=\"nicolas-portfolio.fr\" \/>\n<meta property=\"article:modified_time\" content=\"2025-03-31T20:01:10+00:00\" \/>\n<meta property=\"og:image\" content=\"http:\/\/nicolas-portfolio.fr\/wp-content\/uploads\/2025\/02\/miriam-espacio-K4EUCv5vNc0-unsplash-scaled.jpg\" \/>\n<meta name=\"twitter:card\" content=\"summary_large_image\" \/>\n<script type=\"application\/ld+json\" class=\"yoast-schema-graph\">{\"@context\":\"https:\/\/schema.org\",\"@graph\":[{\"@type\":\"WebPage\",\"@id\":\"https:\/\/nicolas-portfolio.fr\/index.php\/about\/\",\"url\":\"https:\/\/nicolas-portfolio.fr\/index.php\/about\/\",\"name\":\"Mon_Parcours - nicolas-portfolio.fr\",\"isPartOf\":{\"@id\":\"https:\/\/nicolas-portfolio.fr\/#website\"},\"primaryImageOfPage\":{\"@id\":\"https:\/\/nicolas-portfolio.fr\/index.php\/about\/#primaryimage\"},\"image\":{\"@id\":\"https:\/\/nicolas-portfolio.fr\/index.php\/about\/#primaryimage\"},\"thumbnailUrl\":\"http:\/\/nicolas-portfolio.fr\/wp-content\/uploads\/2025\/02\/miriam-espacio-K4EUCv5vNc0-unsplash-scaled.jpg\",\"datePublished\":\"2025-02-17T14:51:48+00:00\",\"dateModified\":\"2025-03-31T20:01:10+00:00\",\"breadcrumb\":{\"@id\":\"https:\/\/nicolas-portfolio.fr\/index.php\/about\/#breadcrumb\"},\"inLanguage\":\"en-US\",\"potentialAction\":[{\"@type\":\"ReadAction\",\"target\":[\"https:\/\/nicolas-portfolio.fr\/index.php\/about\/\"]}]},{\"@type\":\"ImageObject\",\"inLanguage\":\"en-US\",\"@id\":\"https:\/\/nicolas-portfolio.fr\/index.php\/about\/#primaryimage\",\"url\":\"https:\/\/nicolas-portfolio.fr\/wp-content\/uploads\/2025\/02\/miriam-espacio-K4EUCv5vNc0-unsplash-scaled.jpg\",\"contentUrl\":\"https:\/\/nicolas-portfolio.fr\/wp-content\/uploads\/2025\/02\/miriam-espacio-K4EUCv5vNc0-unsplash-scaled.jpg\",\"width\":2560,\"height\":1439},{\"@type\":\"BreadcrumbList\",\"@id\":\"https:\/\/nicolas-portfolio.fr\/index.php\/about\/#breadcrumb\",\"itemListElement\":[{\"@type\":\"ListItem\",\"position\":1,\"name\":\"Accueil\",\"item\":\"https:\/\/nicolas-portfolio.fr\/\"},{\"@type\":\"ListItem\",\"position\":2,\"name\":\"Mon_Parcours\"}]},{\"@type\":\"WebSite\",\"@id\":\"https:\/\/nicolas-portfolio.fr\/#website\",\"url\":\"https:\/\/nicolas-portfolio.fr\/\",\"name\":\"nicolas-portfolio.fr\",\"description\":\"\",\"publisher\":{\"@id\":\"https:\/\/nicolas-portfolio.fr\/#organization\"},\"potentialAction\":[{\"@type\":\"SearchAction\",\"target\":{\"@type\":\"EntryPoint\",\"urlTemplate\":\"https:\/\/nicolas-portfolio.fr\/?s={search_term_string}\"},\"query-input\":{\"@type\":\"PropertyValueSpecification\",\"valueRequired\":true,\"valueName\":\"search_term_string\"}}],\"inLanguage\":\"en-US\"},{\"@type\":\"Organization\",\"@id\":\"https:\/\/nicolas-portfolio.fr\/#organization\",\"name\":\"nicolas-portfolio.fr\",\"url\":\"https:\/\/nicolas-portfolio.fr\/\",\"logo\":{\"@type\":\"ImageObject\",\"inLanguage\":\"en-US\",\"@id\":\"https:\/\/nicolas-portfolio.fr\/#\/schema\/logo\/image\/\",\"url\":\"https:\/\/nicolas-portfolio.fr\/wp-content\/uploads\/2025\/02\/cropped-pp.jpg\",\"contentUrl\":\"https:\/\/nicolas-portfolio.fr\/wp-content\/uploads\/2025\/02\/cropped-pp.jpg\",\"width\":512,\"height\":512,\"caption\":\"nicolas-portfolio.fr\"},\"image\":{\"@id\":\"https:\/\/nicolas-portfolio.fr\/#\/schema\/logo\/image\/\"}}]}<\/script>\n<!-- \/ Yoast SEO plugin. -->","yoast_head_json":{"title":"Mon_Parcours - nicolas-portfolio.fr","robots":{"index":"index","follow":"follow","max-snippet":"max-snippet:-1","max-image-preview":"max-image-preview:large","max-video-preview":"max-video-preview:-1"},"canonical":"https:\/\/nicolas-portfolio.fr\/index.php\/about\/","og_locale":"en_US","og_type":"article","og_title":"Mon_Parcours - nicolas-portfolio.fr","og_description":"Etablissements Fr\u00e9quent\u00e9s Lyc\u00e9e F\u00e9nelon Cambrai 2020-2023: Bac G\u00e9n\u00e9ral Sp\u00e9cialit\u00e9 Math\/NSI Lyc\u00e9e d&#8217;Enseignement sup\u00e9rieur Saint Luc 2023-2025: BTS SIO option SISR(solution d&#8217;infrastructure syst\u00e8me et r\u00e9seau) Stage de 2\u00e8me ann\u00e9e: LADAPT Haut de france J&#8217;ai eu l&#8217;occasion d&#8217;effectuer un stage du 6 Janvier au 7 F\u00e9vrier \u00e0 LADAPT sur le site de Cambrai sachant que le p\u00f4le [&hellip;]","og_url":"https:\/\/nicolas-portfolio.fr\/index.php\/about\/","og_site_name":"nicolas-portfolio.fr","article_modified_time":"2025-03-31T20:01:10+00:00","og_image":[{"url":"http:\/\/nicolas-portfolio.fr\/wp-content\/uploads\/2025\/02\/miriam-espacio-K4EUCv5vNc0-unsplash-scaled.jpg","type":"","width":"","height":""}],"twitter_card":"summary_large_image","schema":{"@context":"https:\/\/schema.org","@graph":[{"@type":"WebPage","@id":"https:\/\/nicolas-portfolio.fr\/index.php\/about\/","url":"https:\/\/nicolas-portfolio.fr\/index.php\/about\/","name":"Mon_Parcours - nicolas-portfolio.fr","isPartOf":{"@id":"https:\/\/nicolas-portfolio.fr\/#website"},"primaryImageOfPage":{"@id":"https:\/\/nicolas-portfolio.fr\/index.php\/about\/#primaryimage"},"image":{"@id":"https:\/\/nicolas-portfolio.fr\/index.php\/about\/#primaryimage"},"thumbnailUrl":"http:\/\/nicolas-portfolio.fr\/wp-content\/uploads\/2025\/02\/miriam-espacio-K4EUCv5vNc0-unsplash-scaled.jpg","datePublished":"2025-02-17T14:51:48+00:00","dateModified":"2025-03-31T20:01:10+00:00","breadcrumb":{"@id":"https:\/\/nicolas-portfolio.fr\/index.php\/about\/#breadcrumb"},"inLanguage":"en-US","potentialAction":[{"@type":"ReadAction","target":["https:\/\/nicolas-portfolio.fr\/index.php\/about\/"]}]},{"@type":"ImageObject","inLanguage":"en-US","@id":"https:\/\/nicolas-portfolio.fr\/index.php\/about\/#primaryimage","url":"https:\/\/nicolas-portfolio.fr\/wp-content\/uploads\/2025\/02\/miriam-espacio-K4EUCv5vNc0-unsplash-scaled.jpg","contentUrl":"https:\/\/nicolas-portfolio.fr\/wp-content\/uploads\/2025\/02\/miriam-espacio-K4EUCv5vNc0-unsplash-scaled.jpg","width":2560,"height":1439},{"@type":"BreadcrumbList","@id":"https:\/\/nicolas-portfolio.fr\/index.php\/about\/#breadcrumb","itemListElement":[{"@type":"ListItem","position":1,"name":"Accueil","item":"https:\/\/nicolas-portfolio.fr\/"},{"@type":"ListItem","position":2,"name":"Mon_Parcours"}]},{"@type":"WebSite","@id":"https:\/\/nicolas-portfolio.fr\/#website","url":"https:\/\/nicolas-portfolio.fr\/","name":"nicolas-portfolio.fr","description":"","publisher":{"@id":"https:\/\/nicolas-portfolio.fr\/#organization"},"potentialAction":[{"@type":"SearchAction","target":{"@type":"EntryPoint","urlTemplate":"https:\/\/nicolas-portfolio.fr\/?s={search_term_string}"},"query-input":{"@type":"PropertyValueSpecification","valueRequired":true,"valueName":"search_term_string"}}],"inLanguage":"en-US"},{"@type":"Organization","@id":"https:\/\/nicolas-portfolio.fr\/#organization","name":"nicolas-portfolio.fr","url":"https:\/\/nicolas-portfolio.fr\/","logo":{"@type":"ImageObject","inLanguage":"en-US","@id":"https:\/\/nicolas-portfolio.fr\/#\/schema\/logo\/image\/","url":"https:\/\/nicolas-portfolio.fr\/wp-content\/uploads\/2025\/02\/cropped-pp.jpg","contentUrl":"https:\/\/nicolas-portfolio.fr\/wp-content\/uploads\/2025\/02\/cropped-pp.jpg","width":512,"height":512,"caption":"nicolas-portfolio.fr"},"image":{"@id":"https:\/\/nicolas-portfolio.fr\/#\/schema\/logo\/image\/"}}]}},"_links":{"self":[{"href":"https:\/\/nicolas-portfolio.fr\/index.php\/wp-json\/wp\/v2\/pages\/116","targetHints":{"allow":["GET"]}}],"collection":[{"href":"https:\/\/nicolas-portfolio.fr\/index.php\/wp-json\/wp\/v2\/pages"}],"about":[{"href":"https:\/\/nicolas-portfolio.fr\/index.php\/wp-json\/wp\/v2\/types\/page"}],"author":[{"embeddable":true,"href":"https:\/\/nicolas-portfolio.fr\/index.php\/wp-json\/wp\/v2\/users\/1"}],"replies":[{"embeddable":true,"href":"https:\/\/nicolas-portfolio.fr\/index.php\/wp-json\/wp\/v2\/comments?post=116"}],"version-history":[{"count":8,"href":"https:\/\/nicolas-portfolio.fr\/index.php\/wp-json\/wp\/v2\/pages\/116\/revisions"}],"predecessor-version":[{"id":310,"href":"https:\/\/nicolas-portfolio.fr\/index.php\/wp-json\/wp\/v2\/pages\/116\/revisions\/310"}],"wp:attachment":[{"href":"https:\/\/nicolas-portfolio.fr\/index.php\/wp-json\/wp\/v2\/media?parent=116"}],"curies":[{"name":"wp","href":"https:\/\/api.w.org\/{rel}","templated":true}]}}